{"id":1578,"date":"2017-10-31T14:40:24","date_gmt":"2017-10-31T12:40:24","guid":{"rendered":"https:\/\/convocatoria-conductores-emt.sicamemt.org\/?page_id=1578"},"modified":"2025-04-02T16:36:17","modified_gmt":"2025-04-02T14:36:17","slug":"public_htmlaspirantes-conductores-emtarchivosmaterial-aspirantes","status":"publish","type":"page","link":"https:\/\/www.sicamemt.org\/aspirantes-conductores-emt\/public_htmlaspirantes-conductores-emtarchivosmaterial-aspirantes","title":{"rendered":"Prevencion Riesgos Laborables"},"content":{"rendered":"<p><a href=\"https:\/\/www.sicamemt.org\/aspirantes-conductores-emt\/wp-content\/uploads\/2021\/03\/riesgos-laborales-empleo-trabajo-paro-trabajador.jpg\"><img loading=\"lazy\" decoding=\"async\" class=\"size-medium wp-image-2763 alignright\" src=\"https:\/\/www.sicamemt.org\/aspirantes-conductores-emt\/wp-content\/uploads\/2021\/03\/riesgos-laborales-empleo-trabajo-paro-trabajador-300x158.jpg\" alt=\"\" width=\"300\" height=\"158\" srcset=\"https:\/\/www.sicamemt.org\/aspirantes-conductores-emt\/wp-content\/uploads\/2021\/03\/riesgos-laborales-empleo-trabajo-paro-trabajador-300x158.jpg 300w, https:\/\/www.sicamemt.org\/aspirantes-conductores-emt\/wp-content\/uploads\/2021\/03\/riesgos-laborales-empleo-trabajo-paro-trabajador-1024x540.jpg 1024w, https:\/\/www.sicamemt.org\/aspirantes-conductores-emt\/wp-content\/uploads\/2021\/03\/riesgos-laborales-empleo-trabajo-paro-trabajador-768x405.jpg 768w, https:\/\/www.sicamemt.org\/aspirantes-conductores-emt\/wp-content\/uploads\/2021\/03\/riesgos-laborales-empleo-trabajo-paro-trabajador.jpg 1200w\" sizes=\"auto, (max-width: 300px) 100vw, 300px\" \/><\/a><\/p>\n<p><span style=\"color: #000000; font-family: dinpro-medium;\">&nbsp;<\/span><\/p>\n<p><span style=\"font-family: dinpro-medium; font-size: 20px;\"><span style=\"color: #000000;\">\u2022 Ley de prevenci\u00f3n de Riesgos Laborales especifico conductor@s EMT MADRID<\/span>&#8230;..<strong><span style=\"color: #0000ff;\"><a style=\"color: #0000ff;\" href=\"https:\/\/www.sicamemt.org\/images\/2025\/CONVOCATORIA\/CONDUCTORES\/Normas-Prevencion-Riesgos-Laborales.pdf\">(descargar PDF)<\/a><\/span><\/strong><\/span><\/p>\n<p>&nbsp;<\/p>\n<p>&nbsp;<\/p>\n<p><a href=\"https:\/\/www.sicamemt.org\/aspirantes-conductores-emt\/wp-content\/uploads\/2021\/03\/prl.jpg\"><img loading=\"lazy\" decoding=\"async\" class=\"size-medium wp-image-2764 alignleft\" src=\"https:\/\/www.sicamemt.org\/aspirantes-conductores-emt\/wp-content\/uploads\/2021\/03\/prl-300x167.jpg\" alt=\"\" width=\"300\" height=\"167\" srcset=\"https:\/\/www.sicamemt.org\/aspirantes-conductores-emt\/wp-content\/uploads\/2021\/03\/prl-300x167.jpg 300w, https:\/\/www.sicamemt.org\/aspirantes-conductores-emt\/wp-content\/uploads\/2021\/03\/prl.jpg 540w\" sizes=\"auto, (max-width: 300px) 100vw, 300px\" \/><\/a><\/p>\n<p>&nbsp;<\/p>\n<p><span style=\"color: #000000; font-family: dinpro-medium; font-size: 20px;\">\u2022 Disposiciones m\u00ednimas de seguridad y salud relativas a la utilizaci\u00f3n por los trabajadores de equipos de protecci\u00f3n individual&#8230;..<strong><span style=\"color: #0000ff;\">(<a style=\"color: #0000ff;\" href=\"https:\/\/www.boe.es\/buscar\/act.php?id=BOE-A-1997-12735\">descargar PDF)<\/a><\/span><\/strong><\/span><\/p>\n<p><span style=\"color: #000000; font-family: dinpro-medium; font-size: 20px;\">\u2022 Libro Prevenci\u00f3n de Riesgo Laborables Basico..<a href=\"https:\/\/www.sicamemt.org\/images\/2019\/CONVOCATORIA%20CONDUCTORES%202018\/ManualPrevencion2019-LOGO%20SICAM.pdf\" target=\"_blank\" rel=\"noopener\">.<strong><span style=\"color: #0000ff;\">(descarga PDF)<\/span><\/strong><\/a><\/span><\/p>\n<p>&nbsp;<\/p>\n<p>&nbsp;<\/p>\n","protected":false},"excerpt":{"rendered":"<p>&nbsp; \u2022 Ley de prevenci\u00f3n de Riesgos Laborales especifico conductor@s EMT MADRID&#8230;..(descargar PDF) &nbsp; &nbsp; &nbsp; \u2022 Disposiciones m\u00ednimas de seguridad y salud relativas a la utilizaci\u00f3n por los trabajadores de equipos de protecci\u00f3n individual&#8230;..(descargar PDF) \u2022 Libro Prevenci\u00f3n de Riesgo Laborables Basico&#8230;(descarga PDF) &nbsp; &nbsp;<\/p>\n","protected":false},"author":1,"featured_media":0,"parent":0,"menu_order":0,"comment_status":"closed","ping_status":"closed","template":"","meta":{"_exactmetrics_skip_tracking":false,"_exactmetrics_sitenote_active":false,"_exactmetrics_sitenote_note":"","_exactmetrics_sitenote_category":0,"ngg_post_thumbnail":0,"footnotes":""},"class_list":["post-1578","page","type-page","status-publish"],"_links":{"self":[{"href":"https:\/\/www.sicamemt.org\/aspirantes-conductores-emt\/wp-json\/wp\/v2\/pages\/1578","targetHints":{"allow":["GET"]}}],"collection":[{"href":"https:\/\/www.sicamemt.org\/aspirantes-conductores-emt\/wp-json\/wp\/v2\/pages"}],"about":[{"href":"https:\/\/www.sicamemt.org\/aspirantes-conductores-emt\/wp-json\/wp\/v2\/types\/page"}],"author":[{"embeddable":true,"href":"https:\/\/www.sicamemt.org\/aspirantes-conductores-emt\/wp-json\/wp\/v2\/users\/1"}],"replies":[{"embeddable":true,"href":"https:\/\/www.sicamemt.org\/aspirantes-conductores-emt\/wp-json\/wp\/v2\/comments?post=1578"}],"version-history":[{"count":19,"href":"https:\/\/www.sicamemt.org\/aspirantes-conductores-emt\/wp-json\/wp\/v2\/pages\/1578\/revisions"}],"predecessor-version":[{"id":3949,"href":"https:\/\/www.sicamemt.org\/aspirantes-conductores-emt\/wp-json\/wp\/v2\/pages\/1578\/revisions\/3949"}],"wp:attachment":[{"href":"https:\/\/www.sicamemt.org\/aspirantes-conductores-emt\/wp-json\/wp\/v2\/media?parent=1578"}],"curies":[{"name":"wp","href":"https:\/\/api.w.org\/{rel}","templated":true}]}}