{"id":2,"date":"2016-02-04T09:14:57","date_gmt":"2016-02-04T07:14:57","guid":{"rendered":"http:\/\/www.sicamemt.org\/aspirantes-conductores-emt\/?page_id=2"},"modified":"2026-04-20T11:06:44","modified_gmt":"2026-04-20T09:06:44","slug":"pagina-ejemplo","status":"publish","type":"page","link":"https:\/\/www.sicamemt.org\/aspirantes-conductores-emt\/","title":{"rendered":"Inicio"},"content":{"rendered":"<p>&nbsp;<\/p>\n<table style=\"border-collapse: collapse; width: 100%;\">\n<tbody>\n<tr>\n<td style=\"width: 100%; border-color: #000000; background-color: #3c75de; border-style: solid;\">\n<h1 style=\"text-align: center;\"><span style=\"color: #ffffff;\"><strong><em><span style=\"font-size: 28px;\">\u00daLTIMAS CONVOCATORIAS EMT<\/span><\/em><\/strong><\/span><\/h1>\n<\/td>\n<\/tr>\n<\/tbody>\n<\/table>\n<p style=\"text-align: center;\">&nbsp;<\/p>\n<p style=\"text-align: center;\">&nbsp;<\/p>\n<p>&nbsp;<\/p>\n<p><a href=\"ftp:\/\/pacoesp%40sicamemt.org@ftp.sicamemt.org\/images\/2025\/CONVOCATORIA\/CONDUCTORES\/20250825-MR003-16-Convocatoria-Examen-Practico-16-al-30-09.pdf\" target=\"_blank\" rel=\"noopener\"><img loading=\"lazy\" decoding=\"async\" class=\"wp-image-3962 aligncenter\" src=\"https:\/\/www.sicamemt.org\/aspirantes-conductores-emt\/wp-content\/uploads\/2025\/08\/20250825-MR003-16-Convocatoria-Examen-Practico-16-al-30-09_Pagina_1-1024x640.jpg\" alt=\"\" width=\"643\" height=\"402\" srcset=\"https:\/\/www.sicamemt.org\/aspirantes-conductores-emt\/wp-content\/uploads\/2025\/08\/20250825-MR003-16-Convocatoria-Examen-Practico-16-al-30-09_Pagina_1-1024x640.jpg 1024w, https:\/\/www.sicamemt.org\/aspirantes-conductores-emt\/wp-content\/uploads\/2025\/08\/20250825-MR003-16-Convocatoria-Examen-Practico-16-al-30-09_Pagina_1-300x188.jpg 300w, https:\/\/www.sicamemt.org\/aspirantes-conductores-emt\/wp-content\/uploads\/2025\/08\/20250825-MR003-16-Convocatoria-Examen-Practico-16-al-30-09_Pagina_1-768x480.jpg 768w, https:\/\/www.sicamemt.org\/aspirantes-conductores-emt\/wp-content\/uploads\/2025\/08\/20250825-MR003-16-Convocatoria-Examen-Practico-16-al-30-09_Pagina_1-1536x960.jpg 1536w, https:\/\/www.sicamemt.org\/aspirantes-conductores-emt\/wp-content\/uploads\/2025\/08\/20250825-MR003-16-Convocatoria-Examen-Practico-16-al-30-09_Pagina_1-2048x1280.jpg 2048w, https:\/\/www.sicamemt.org\/aspirantes-conductores-emt\/wp-content\/uploads\/2025\/08\/20250825-MR003-16-Convocatoria-Examen-Practico-16-al-30-09_Pagina_1-1320x825.jpg 1320w\" sizes=\"auto, (max-width: 643px) 100vw, 643px\" \/><\/a><\/p>\n<p>&nbsp;<\/p>\n<p>&nbsp;<\/p>\n<figure id=\"attachment_3103\" aria-describedby=\"caption-attachment-3103\" style=\"width: 516px\" class=\"wp-caption aligncenter\"><a href=\"https:\/\/www.sicamemt.org\/aspirantes-conductores-emt\/base-convocatoria-2025\" target=\"_blank\" rel=\"noopener\"><img loading=\"lazy\" decoding=\"async\" class=\"wp-image-3103\" src=\"https:\/\/www.sicamemt.org\/aspirantes-conductores-emt\/wp-content\/uploads\/2022\/03\/images-300x194.jpg\" alt=\"\" width=\"526\" height=\"340\" srcset=\"https:\/\/www.sicamemt.org\/aspirantes-conductores-emt\/wp-content\/uploads\/2022\/03\/images-300x194.jpg 300w, https:\/\/www.sicamemt.org\/aspirantes-conductores-emt\/wp-content\/uploads\/2022\/03\/images.jpg 558w\" sizes=\"auto, (max-width: 526px) 100vw, 526px\" \/><\/a><figcaption id=\"caption-attachment-3103\" class=\"wp-caption-text\"><span style=\"font-family: dinpro-medium;\">&nbsp; &nbsp; &nbsp; &nbsp; &nbsp; &nbsp; &nbsp; &nbsp; &nbsp; &nbsp; &nbsp; &nbsp; &nbsp; &nbsp; &nbsp; &nbsp;CONVOCATORIA CONDUCTORES <span style=\"font-size: 24px;\"><strong>2025<\/strong><\/span><\/span><\/figcaption><\/figure>\n<p style=\"text-align: center;\">&nbsp;<\/p>\n<figure id=\"attachment_3271\" aria-describedby=\"caption-attachment-3271\" style=\"width: 385px\" class=\"wp-caption alignleft\"><a href=\"https:\/\/www.sicamemt.org\/aspirantes-conductores-emt\/bicimad\" target=\"_blank\" rel=\"noopener\"><img loading=\"lazy\" decoding=\"async\" class=\"wp-image-3271 \" src=\"https:\/\/www.sicamemt.org\/aspirantes-conductores-emt\/wp-content\/uploads\/2022\/04\/Manual-BiciMAD-12-04-2022-1-300x232.jpg\" alt=\"\" width=\"395\" height=\"305\" srcset=\"https:\/\/www.sicamemt.org\/aspirantes-conductores-emt\/wp-content\/uploads\/2022\/04\/Manual-BiciMAD-12-04-2022-1-300x232.jpg 300w, https:\/\/www.sicamemt.org\/aspirantes-conductores-emt\/wp-content\/uploads\/2022\/04\/Manual-BiciMAD-12-04-2022-1.jpg 620w\" sizes=\"auto, (max-width: 395px) 100vw, 395px\" \/><\/a><figcaption id=\"caption-attachment-3271\" class=\"wp-caption-text\"><span style=\"font-family: dinpro-medium;\">CONVOCATORIA BICIMAD <span style=\"font-size: 16px;\"><strong>2025<\/strong><\/span><\/span><\/figcaption><\/figure>\n<figure id=\"attachment_3140\" aria-describedby=\"caption-attachment-3140\" style=\"width: 362px\" class=\"wp-caption alignleft\"><a href=\"https:\/\/www.sicamemt.org\/aspirantes-conductores-emt\/archivos\/3031\" target=\"_blank\" rel=\"noopener\"><img loading=\"lazy\" decoding=\"async\" class=\"wp-image-3140\" src=\"https:\/\/www.sicamemt.org\/aspirantes-conductores-emt\/wp-content\/uploads\/2022\/03\/EMT_CO_Carabanchel_011-300x289.jpeg\" alt=\"CONVOCATORIA TALLERES 2023\" width=\"372\" height=\"359\" srcset=\"https:\/\/www.sicamemt.org\/aspirantes-conductores-emt\/wp-content\/uploads\/2022\/03\/EMT_CO_Carabanchel_011-300x289.jpeg 300w, https:\/\/www.sicamemt.org\/aspirantes-conductores-emt\/wp-content\/uploads\/2022\/03\/EMT_CO_Carabanchel_011.jpeg 536w\" sizes=\"auto, (max-width: 372px) 100vw, 372px\" \/><\/a><figcaption id=\"caption-attachment-3140\" class=\"wp-caption-text\">CONVOCATORIA TALLERES 2023<\/figcaption><\/figure>\n<div class=\"mceTemp\">&nbsp;<\/div>\n<p><a href=\"https:\/\/www.sicamemt.org\/aspirantes-conductores-emt\/wp-content\/uploads\/2022\/03\/images-1-1.jpg\">&nbsp;<\/a><\/p>\n<p>&nbsp;<\/p>\n<p>&nbsp;<\/p>\n<p>&nbsp;<\/p>\n<p>&nbsp;<\/p>\n<p>&nbsp;<\/p>\n<p>&nbsp;<\/p>\n<p>&nbsp;<\/p>\n<p>&nbsp;<\/p>\n<p>&nbsp;<\/p>\n<p>&nbsp;<\/p>\n<p style=\"text-align: center;\"><span style=\"color: #3366ff;\"><a style=\"color: #3366ff;\" href=\"https:\/\/www.sicamemt.org\/aspirantes-conductores-emt\/wp-content\/uploads\/2020\/05\/08-05-20-Examenes-practicos-acceso-Emt-scaled.jpg\"><span style=\"font-family: dinpro-medium;\"><span style=\"font-size: 24px;\"><b>TENEMOS PARA VOSOTROS <\/b><span style=\"text-decoration: underline;\"><em><strong><span style=\"font-size: 28px;\">&nbsp;<\/span><\/strong><\/em><\/span><\/span><\/span><\/a><em><strong><a style=\"color: #3366ff;\" href=\"https:\/\/www.sicamemt.org\/aspirantes-conductores-emt\/promociones\"><span style=\"font-size: 24px;\">NUEVAS OFERTAS Y PROMOCIONES&nbsp;<\/span> <span style=\"text-decoration: underline; font-size: 24px;\">DESDE SICAM <\/span><\/a><\/strong><\/em><\/span><\/p>\n<p>&nbsp;<\/p>\n<table style=\"border-collapse: collapse; width: 100%;\">\n<tbody>\n<tr>\n<td style=\"width: 100%;\"><span style=\"font-size: 16px; font-family: dinpro-medium;\"><span style=\"color: #3366ff;\"><strong>SICAM<\/strong><\/span><span style=\"color: #000000; line-height: 1.5;\">&nbsp;ha creado esta p\u00e1gina web para facilitar toda la informaci\u00f3n del concurso para selecci\u00f3n y contrataci\u00f3n de conductor@s de autobuses de la EMT de Madrid.<\/span><\/span><\/p>\n<p style=\"text-align: justify;\"><span style=\"color: #000000; font-size: 16px; font-family: dinpro-medium;\"> La <em>Web<\/em> esta destinada a tod@s l@s conductor@s que deseen presentarse al concurso de selecci\u00f3n de conductor@s.<\/span><\/p>\n<p><span style=\"color: #000000; text-align: justify; font-size: 16px; font-family: dinpro-medium;\">Tambi\u00e9n podeis obtener tanto la informaci\u00f3n del proceso seg\u00fan se vayan produciendo, as\u00ed como de material para su preparaci\u00f3n, con enlaces en algunos puntos a web externas, en donde poder obtener la mayor y mejor informaci\u00f3n, sin necesidad de que est\u00e9s buscando, de manera totalmente gratuita.<\/span><\/p>\n<p style=\"text-align: justify;\"><span style=\"color: #000000; font-size: 16px; font-family: dinpro-medium;\"> El temario esta estructurado y desarrollado de la misma forma que los puntos del temario.<br \/>\nPara poder acceder al temario es necesario estar registrado, <a href=\"https:\/\/www.sicamemt.org\/aspirantes-conductores-emt\/registrarse\">aqui<\/a>.&nbsp;<\/span><\/p>\n<p style=\"text-align: justify;\"><span style=\"color: #000000; font-size: 16px; font-family: dinpro-medium;\">Tod@s aquell@s que lo dese\u00e9is, pod\u00e9is poner@s en contacto&nbsp; a trav\u00e9s del tel\u00e9fono, <a href=\"https:\/\/convocatoria-conductores-emt.sicamemt.org\/contacto\">formulario de contacto<\/a> o <a href=\"mailto:sicamemt@sicamemt.org\">correo electr\u00f3nico<\/a>.<\/span><\/p>\n<\/td>\n<\/tr>\n<\/tbody>\n<\/table>\n<p>&nbsp;<\/p>\n","protected":false},"excerpt":{"rendered":"<p>&nbsp; \u00daLTIMAS CONVOCATORIAS EMT &nbsp; &nbsp; &nbsp; &nbsp; &nbsp; &nbsp; &nbsp; &nbsp; &nbsp; &nbsp; &nbsp; &nbsp; &nbsp; &nbsp; &nbsp; &nbsp; &nbsp; &nbsp; TENEMOS PARA VOSOTROS &nbsp;NUEVAS OFERTAS Y PROMOCIONES&nbsp; DESDE SICAM &nbsp; SICAM&nbsp;ha creado esta p\u00e1gina web para facilitar toda la informaci\u00f3n del concurso para selecci\u00f3n y contrataci\u00f3n de conductor@s de autobuses de la EMT &#8230; <a title=\"Inicio\" class=\"read-more\" href=\"https:\/\/www.sicamemt.org\/aspirantes-conductores-emt\/\" aria-label=\"Leer m\u00e1s sobre Inicio\">Leer m\u00e1s<\/a><\/p>\n","protected":false},"author":1,"featured_media":0,"parent":0,"menu_order":0,"comment_status":"closed","ping_status":"closed","template":"","meta":{"_exactmetrics_skip_tracking":false,"_exactmetrics_sitenote_active":false,"_exactmetrics_sitenote_note":"","_exactmetrics_sitenote_category":0,"ngg_post_thumbnail":0,"footnotes":""},"class_list":["post-2","page","type-page","status-publish"],"_links":{"self":[{"href":"https:\/\/www.sicamemt.org\/aspirantes-conductores-emt\/wp-json\/wp\/v2\/pages\/2","targetHints":{"allow":["GET"]}}],"collection":[{"href":"https:\/\/www.sicamemt.org\/aspirantes-conductores-emt\/wp-json\/wp\/v2\/pages"}],"about":[{"href":"https:\/\/www.sicamemt.org\/aspirantes-conductores-emt\/wp-json\/wp\/v2\/types\/page"}],"author":[{"embeddable":true,"href":"https:\/\/www.sicamemt.org\/aspirantes-conductores-emt\/wp-json\/wp\/v2\/users\/1"}],"replies":[{"embeddable":true,"href":"https:\/\/www.sicamemt.org\/aspirantes-conductores-emt\/wp-json\/wp\/v2\/comments?post=2"}],"version-history":[{"count":743,"href":"https:\/\/www.sicamemt.org\/aspirantes-conductores-emt\/wp-json\/wp\/v2\/pages\/2\/revisions"}],"predecessor-version":[{"id":3970,"href":"https:\/\/www.sicamemt.org\/aspirantes-conductores-emt\/wp-json\/wp\/v2\/pages\/2\/revisions\/3970"}],"wp:attachment":[{"href":"https:\/\/www.sicamemt.org\/aspirantes-conductores-emt\/wp-json\/wp\/v2\/media?parent=2"}],"curies":[{"name":"wp","href":"https:\/\/api.w.org\/{rel}","templated":true}]}}