{"id":2424,"date":"2019-08-21T08:31:12","date_gmt":"2019-08-21T06:31:12","guid":{"rendered":"https:\/\/www.sicamemt.org\/aspirantes-conductores-emt\/?page_id=2424"},"modified":"2023-08-01T11:17:34","modified_gmt":"2023-08-01T09:17:34","slug":"politica-de-privacidad-2","status":"publish","type":"page","link":"https:\/\/www.sicamemt.org\/aspirantes-conductores-emt\/politica-de-privacidad-2","title":{"rendered":"Pol\u00edtica de Privacidad"},"content":{"rendered":"<p><img loading=\"lazy\" decoding=\"async\" class=\"aligncenter wp-image-47640\" src=\"https:\/\/www.sicamemt.org\/wp-content\/uploads\/Logo-transparente-292x300.png\" alt=\"\" width=\"255\" height=\"262\"><\/p>\n<p style=\"text-align: center;\"><span style=\"color: #ffffff; background-color: #000000; font-family: dinpro-medium;\"><strong><span style=\"font-size: 36px; background-color: #000000;\">POL\u00cdTICA DE PRIVACIDAD<\/span><\/strong><\/span><\/p>\n<table style=\"width: 93.4761%; height: 468px;\">\n<tbody>\n<tr style=\"height: 40px;\">\n<td style=\"width: 29.0019%; height: 40px; text-align: center; border-style: solid; border-color: #000000;\" width=\"151\"><span style=\"font-size: 20px; font-family: dinpro-medium;\"><strong><span style=\"color: #3366ff;\">RAZ\u00d3N SOCIAL<\/span><\/strong><\/span><\/td>\n<td style=\"width: 184.557%; height: 40px; text-align: center; border-style: solid; border-color: #000000;\" width=\"371\"><span style=\"font-family: dinpro-medium; font-size: 20px;\"><em><strong><span style=\"color: #000000;\">SINDICATO DE CONDUCTORES DE AUTOBUSES DE MADRID<\/span><\/strong><\/em><\/span><\/td>\n<\/tr>\n<tr style=\"height: 66px;\">\n<td style=\"width: 29.0019%; height: 66px; border-style: solid; border-color: #000000; background-color: #bcd9e3; text-align: center;\" width=\"151\"><span style=\"font-size: 20px; font-family: dinpro-medium;\"><strong><span style=\"color: #3366ff;\">NIF<\/span><\/strong><\/span><\/td>\n<td style=\"width: 184.557%; height: 66px; border-style: solid; border-color: #000000; background-color: #bcd9e3; text-align: center;\" width=\"371\"><span style=\"color: #000000; font-family: dinpro-medium;\">G83486027<\/span><\/td>\n<\/tr>\n<tr style=\"height: 95px;\">\n<td style=\"width: 29.0019%; height: 95px; text-align: center; border-style: solid; border-color: #000000;\" width=\"151\"><span style=\"font-size: 20px; font-family: dinpro-medium;\"><strong><span style=\"color: #3366ff;\">DOMINIO<\/span><\/strong><\/span><\/td>\n<td style=\"width: 184.557%; height: 95px; text-align: center; border-style: solid; border-color: #000000;\" width=\"371\"><span style=\"color: #3366ff; font-family: dinpro-medium;\"><a style=\"color: #3366ff;\" href=\"http:\/\/WWW.SICAMEMT.ORG\/\">WWW.SICAMEMT.ORG<\/a><\/span><\/td>\n<\/tr>\n<tr style=\"height: 77px;\">\n<td style=\"width: 29.0019%; height: 77px; text-align: center; border-style: solid; border-color: #000000; background-color: #bcd9e3;\" width=\"151\"><span style=\"font-size: 20px; font-family: dinpro-medium;\"><strong><span style=\"color: #3366ff;\">DIRECCI\u00d3N POSTAL<\/span><\/strong><\/span><\/td>\n<td style=\"width: 184.557%; height: 77px; text-align: center; border-style: solid; border-color: #000000; background-color: #bcd9e3;\" width=\"371\"><span style=\"color: #000000; font-family: dinpro-medium;\">C\/ABTAO, 25 1\u00ba OF. 3,28007 MADRID(MADRID)<\/span><\/td>\n<\/tr>\n<tr style=\"height: 95px;\">\n<td style=\"width: 29.0019%; height: 95px; text-align: center; border-style: solid; border-color: #000000;\" width=\"151\"><span style=\"font-size: 20px; font-family: dinpro-medium;\"><strong><span style=\"color: #3366ff;\">DIRECCI\u00d3N ELECTR\u00d3NICA<\/span><\/strong><\/span><\/td>\n<td style=\"width: 184.557%; height: 95px; text-align: center; border-style: solid; border-color: #000000;\" width=\"371\"><span style=\"color: #3366ff; font-family: dinpro-medium;\"><a style=\"color: #3366ff;\" href=\"mailto:SICAMEMT@SICAMEMT.ORG\">SICAMEMT@SICAMEMT.ORG<\/a><\/span><\/td>\n<\/tr>\n<tr style=\"height: 95px;\">\n<td style=\"width: 29.0019%; height: 95px; border-style: solid; border-color: #000000; background-color: #bcd9e3; text-align: center;\" width=\"151\"><span style=\"font-size: 20px; font-family: dinpro-medium;\"><strong><span style=\"color: #3366ff;\">TEL\u00c9FONOS<\/span><\/strong><\/span><\/td>\n<td style=\"width: 184.557%; height: 95px; text-align: center; border-style: solid; border-color: #000000; background-color: #bcd9e3;\" width=\"371\"><span style=\"color: #000000; font-family: dinpro-medium;\">915522802<\/span><\/td>\n<\/tr>\n<\/tbody>\n<\/table>\n<p>&nbsp;<\/p>\n<p><span style=\"color: #ffffff; background-color: #000000; font-family: dinpro-medium;\"><strong>Datos del propietario de la web:<\/strong><\/span><\/p>\n<p><span style=\"font-family: dinpro-medium;\"><strong>Protecci\u00f3n de datos<\/strong><\/span><\/p>\n<p><span style=\"font-family: dinpro-medium;\">De conformidad con la normativa vigente y aplicable en protecci\u00f3n de datos de car\u00e1cter personal, le informamos que sus datos ser\u00e1n incorporados al sistema de tratamiento titularidad de <span style=\"color: #3366ff;\"><em>SINDICATO DE CONDUCTORES DE AUTOBUSES DE MADRID<\/em> <\/span>con NIF G83486027 y domicilio social sito en C\/ABTAO, 25 1\u00ba OF. 3,28007 MADRID(MADRID), y que a continuaci\u00f3n se relacionan sus respectivas finalidades, plazos de conservaci\u00f3n y bases legitimadoras:<\/span><\/p>\n<table style=\"width: 96.9903%;\">\n<tbody>\n<tr>\n<td style=\"width: 180.908%; background-color: #000000;\" colspan=\"2\" width=\"622\">\n<p style=\"text-align: center;\"><span style=\"font-family: dinpro-medium; font-size: 24px; background-color: #000000; color: #ffffff;\">TRATAMIENTOS REALIZADOS<\/span><\/p>\n<\/td>\n<\/tr>\n<\/tbody>\n<\/table>\n<p>&nbsp;<\/p>\n<table style=\"width: 96.3072%; height: 894px;\">\n<tbody>\n<tr style=\"height: 190px;\">\n<td style=\"width: 26.6089%; border-style: solid; border-color: #000000; background-color: #bcd9e3; text-align: center; height: 190px;\"><strong><span style=\"font-family: dinpro-medium; font-size: 20px; color: #3366ff;\">Acciones comerciales formulario web<\/span><\/strong><\/td>\n<td style=\"width: 158.24%; border-style: solid; border-color: #000000; height: 190px;\"><span style=\"font-family: dinpro-medium;\"><strong>Finalidad:<\/strong> Captaci\u00f3n, registro y tratamiento de datos con finalidades de atender sus consultas y\/o solicitudes, as\u00ed como de publicidad y prospecci\u00f3n comercial<\/span><\/p>\n<p><span style=\"font-family: dinpro-medium;\"><strong>Plazo de conservaci\u00f3n:<\/strong> mientras se mantenga el consentimiento prestado, salvo obligaci\u00f3n legal.<\/span><\/p>\n<p><span style=\"font-family: dinpro-medium;\"><strong>Base leg\u00edtima:<\/strong> El consentimiento del interesado.<\/span><\/p>\n<p><span style=\"font-family: dinpro-medium;\"><strong>Tipolog\u00eda de Datos:<\/strong> Datos b\u00e1sicos: Nombre y apellidos, Direcci\u00f3n electr\u00f3nica<\/span><\/td>\n<\/tr>\n<tr style=\"height: 176px;\">\n<td style=\"width: 26.6089%; border-style: solid; border-color: #000000; height: 176px; background-color: #bcd9e3; text-align: center;\" width=\"112\"><strong><span style=\"font-family: dinpro-medium; font-size: 20px; color: #3366ff;\">Newsletter<\/span><\/strong><\/td>\n<td style=\"width: 158.24%; border-style: solid; border-color: #000000; height: 176px;\" width=\"503\"><span style=\"font-family: dinpro-medium;\"><strong>Finalidad:<\/strong> Gesti\u00f3n de la suscripci\u00f3n a la newsletter, para realizar los env\u00edos correspondientes<\/span><\/p>\n<p><span style=\"font-family: dinpro-medium;\"><strong>Plazo de conservaci\u00f3n:<\/strong> mientras se mantenga el consentimiento prestado.<\/span><\/p>\n<p><span style=\"font-family: dinpro-medium;\"><strong> Base leg\u00edtima:<\/strong> El consentimiento del interesado.<\/span><\/p>\n<p><span style=\"font-family: dinpro-medium;\"><strong>Tipolog\u00eda de Datos:<\/strong> Datos b\u00e1sicos: Nombre y apellidos, Direcci\u00f3n electr\u00f3nica<\/span><\/td>\n<\/tr>\n<tr style=\"height: 176px;\">\n<td style=\"width: 26.6089%; border-style: solid; border-color: #000000; height: 176px; background-color: #bcd9e3; text-align: center;\" width=\"112\"><strong><span style=\"font-family: dinpro-medium; font-size: 20px; color: #3366ff;\">Instalaci\u00f3n de cookies<\/span><\/strong><\/td>\n<td style=\"width: 158.24%; border-style: solid; border-color: #000000; height: 176px;\" width=\"503\"><span style=\"font-family: dinpro-medium;\"><strong>Finalidad:<\/strong> Gesti\u00f3n e instalaci\u00f3n de las cookies<\/span><\/p>\n<p><span style=\"font-family: dinpro-medium;\"><strong>Plazo de conservaci\u00f3n<\/strong>: mientras se mantenga el consentimiento prestado. <\/span><\/p>\n<p><span style=\"font-family: dinpro-medium;\"><strong>Base leg\u00edtima:<\/strong> El consentimiento del interesado.<\/span><\/p>\n<p><span style=\"font-family: dinpro-medium;\"><strong>Tipolog\u00eda de Datos:<\/strong> Datos b\u00e1sicos: Direcci\u00f3n electr\u00f3nica, Direcci\u00f3n IP<\/span><\/td>\n<\/tr>\n<tr style=\"height: 176px;\">\n<td style=\"width: 26.6089%; border-style: solid; border-color: #000000; height: 176px; background-color: #bcd9e3; text-align: center;\" width=\"112\"><strong><span style=\"font-family: dinpro-medium; font-size: 20px; color: #3366ff;\">Gesti\u00f3n usuarios web<\/span><\/strong><\/td>\n<td style=\"width: 158.24%; border-style: solid; border-color: #000000; height: 176px;\" width=\"503\"><span style=\"font-family: dinpro-medium;\"><strong>Finalidad:<\/strong> Captaci\u00f3n, registro y tratamiento de datos del usuario<\/span><\/p>\n<p><span style=\"font-family: dinpro-medium;\"><strong>Plazo de conservaci\u00f3n:<\/strong> mientras se mantenga el consentimiento prestado, salvo obligaci\u00f3n legal.<\/span><\/p>\n<p><span style=\"font-family: dinpro-medium;\"><strong>Base leg\u00edtima:<\/strong> El consentimiento del interesado.<\/span><\/p>\n<p><span style=\"font-family: dinpro-medium;\"><strong>Tipolog\u00eda de Datos:<\/strong> Datos b\u00e1sicos: Nombre y apellidos, Direcci\u00f3n electr\u00f3nica<\/span><\/td>\n<\/tr>\n<tr style=\"height: 176px;\">\n<td style=\"width: 26.6089%; border-style: solid; border-color: #000000; height: 176px; background-color: #bcd9e3; text-align: center;\" width=\"112\"><strong><span style=\"font-family: dinpro-medium; font-size: 20px; color: #3366ff;\">Gesti\u00f3n Formulario web<\/span><\/strong><\/td>\n<td style=\"width: 158.24%; border-style: solid; border-color: #000000; height: 176px;\" width=\"503\"><span style=\"font-family: dinpro-medium;\"><strong>Finalidad:<\/strong> Atender sus consultas y\/o solicitudes<\/span><\/p>\n<p><span style=\"font-family: dinpro-medium;\"><strong>Plazo de conservaci\u00f3n<\/strong>: mientras se mantenga el consentimiento prestado. <\/span><\/p>\n<p><span style=\"font-family: dinpro-medium;\"><strong>Base leg\u00edtima:<\/strong> El consentimiento del interesado.<\/span><\/p>\n<p><span style=\"font-family: dinpro-medium;\"><strong>Tipolog\u00eda de Datos:<\/strong> Datos b\u00e1sicos: Nombre y apellidos, Direcci\u00f3n electr\u00f3nica, Direcci\u00f3n IP<\/span><\/td>\n<\/tr>\n<\/tbody>\n<\/table>\n<p>&nbsp;<\/p>\n<p><span style=\"font-family: dinpro-medium;\">A su vez, le informamos que puede contactar con el Delegado de Protecci\u00f3n de Datos, dirigi\u00e9ndose por escrito a la direcci\u00f3n de correo nachoolaga10441644@hotmail,es o al tel\u00e9fono 689053800.<\/span><\/p>\n<p>&nbsp;<\/p>\n<p><strong><span style=\"font-family: dinpro-medium; background-color: #000000; color: #ffffff;\">Derechos de los interesados<\/span><\/strong><\/p>\n<p>&nbsp;<\/p>\n<p><span style=\"font-family: dinpro-medium;\"><span style=\"color: #3366ff;\">SINDICATO DE CONDUCTORES DE AUTOBUSES DE MADRID<\/span> informa a los Usuarios que, podr\u00e1 ejercer los derechos de acceso, rectificaci\u00f3n, limitaci\u00f3n, supresi\u00f3n, portabilidad, oposici\u00f3n al tratamiento de sus datos de car\u00e1cter personal y el derecho a no ser objeto de decisiones automatizadas, incluida la elaboraci\u00f3n de perfiles, ante el Responsable del Tratamiento, as\u00ed como a la retirada del consentimiento prestado.<\/span><\/p>\n<p><span style=\"font-family: dinpro-medium;\"><strong>Derecho de Acceso:<\/strong> Es el derecho del usuario a obtener confirmaci\u00f3n sobre si se est\u00e1n tratando sus datos y, en tal caso, los concretos datos personales tratados y la informaci\u00f3n legal del tratamiento (finalidades, base legitimadora, plazos de conservaci\u00f3n, cesiones, origen de los datos, etc.).<\/span><\/p>\n<p><span style=\"font-family: dinpro-medium;\"><strong>Derecho de Rectificaci\u00f3n<\/strong>: Es el derecho del afectado a que se modifiquen los datos que resulten ser inexactos o incompletos. En relaci\u00f3n a la p\u00e1gina web, s\u00f3lo podr\u00e1 satisfacerse en relaci\u00f3n a aquella informaci\u00f3n que se encuentre bajo el control del sitio web, por ejemplo, eliminar comentarios publicados en la propia p\u00e1gina, im\u00e1genes o contenidos web donde consten datos de car\u00e1cter personal del usuario.<\/span><\/p>\n<p><span style=\"font-family: dinpro-medium;\"><strong>Derecho a la Limitaci\u00f3n de tratamiento<\/strong>: Es el derecho a que se limiten los fines del tratamiento previstos de forma original por el responsable del tratamiento en determinados supuestos.<\/span><\/p>\n<p><span style=\"font-family: dinpro-medium;\"><strong>Derecho de Supresi\u00f3n<\/strong>: Es el derecho a suprimir los datos de car\u00e1cter personal del usuario, a excepci\u00f3n de lo previsto en el propio RGPD (libertad de expresi\u00f3n e informaci\u00f3n, obligaciones de conservaci\u00f3n, formulaci\u00f3n, ejercicio o defensa de reclamaciones, etc.).<\/span><\/p>\n<p><span style=\"font-family: dinpro-medium;\"><strong>Derecho a la Portabilidad:<\/strong> El derecho a recibir los datos personales que el usuario haya facilitado, en un formato estructurado, de uso com\u00fan y lectura mec\u00e1nica, y a transmitirlos a otro responsable cuando el tratamiento est\u00e1 basado en el consentimiento o en la ejecuci\u00f3n de un contrato y se efect\u00fae por medios automatizados.<\/span><\/p>\n<p><span style=\"font-family: dinpro-medium;\"><strong>Derecho de Oposici\u00f3n:<\/strong> Es el derecho del usuario a que no se lleve a cabo el tratamiento de sus datos de car\u00e1cter personal o se cese el tratamiento de los mismos por parte del sitio web cuando el tratamiento est\u00e9 basado en el inter\u00e9s leg\u00edtimo o el inter\u00e9s p\u00fablico o cuando se trate de tratamientos de mercadotecnia directa.<\/span><\/p>\n<p><span style=\"font-family: dinpro-medium;\"><strong>Derecho a no ser objeto de decisiones automatizadas, incluida la elaboraci\u00f3n de perfiles:<\/strong> Cuando el tratamiento no es necesario para la celebraci\u00f3n o ejecuci\u00f3n de un contrato, ni est\u00e1 autorizada por el Derecho de la Uni\u00f3n Europea o de los Estados miembros ni se basa en el consentimiento, tiene derecho a no ser objeto de una decisi\u00f3n basada \u00fanicamente en el tratamiento automatizado, incluida la elaboraci\u00f3n de perfiles, que produzca efectos jur\u00eddicos o le afecte significativamente de modo similar.<\/span><\/p>\n<p><span style=\"font-family: dinpro-medium;\"><strong>Derecho a retirar el consentimiento:<\/strong> Para cualquier tratamiento basado en su consentimiento, tiene derecho a retirarlo, en cualquier momento y de manera gratuita.<\/span><\/p>\n<p><span style=\"font-family: dinpro-medium;\">Para ejercer cualquiera de los derechos en materia de protecci\u00f3n de datos descritos anteriormente deber\u00e1 seguir las siguientes indicaciones:<\/span><\/p>\n<p><span style=\"font-family: dinpro-medium;\">Presentaci\u00f3n de un escrito a la direcci\u00f3n C\/ABTAO, 25 1\u00ba OF. 3,28007 MADRID(MADRID) (a la atenci\u00f3n de SINDICATO DE CONDUCTORES DE AUTOBUSES DE MADRID) o bien a trav\u00e9s de correo electr\u00f3nico a por correo electr\u00f3nico a <a href=\"mailto:SICAMEMT@SICAMEMT.ORG\">SICAMEMT@SICAMEMT.ORG<\/a> .<\/span><\/p>\n<p><span style=\"font-family: dinpro-medium;\">El escrito remitido por el titular de los datos personales (interesado\/a) que solicite el ejercicio de derechos deber\u00e1 tener en cuenta lo siguiente:<\/span><\/p>\n<ul>\n<li><span style=\"font-family: dinpro-medium;\">Deber\u00e1 identificarse fehacientemente y, en el caso de que concurran dudas sobre la identidad del solicitante, se le solicitar\u00e1 que subsane la petici\u00f3n (p. solicitando m\u00e1s informaci\u00f3n, como el n\u00famero de DNI, el documento del DNI, el correo electr\u00f3nico que aport\u00f3, etc.)<\/span><\/li>\n<li><span style=\"font-family: dinpro-medium;\">La solicitud puede realizarla el representante, legal o voluntario, cuando \u00e9ste est\u00e9 debidamente identificado y autorizado por el titular de los datos (mediante una autorizaci\u00f3n expresa del titular para ejercer los derechos personal\u00edsimos regulados en la normativa en materia de protecci\u00f3n de datos personales).<\/span><\/li>\n<li><span style=\"font-family: dinpro-medium;\">Petici\u00f3n en que se concreta la solicitud (Derecho\/s que se pretende\/n ejercer). Si no hace referencia a &nbsp;un &nbsp;tratamiento &nbsp;concreto &nbsp;se &nbsp;le &nbsp;facilitar\u00e1 &nbsp;respuesta &nbsp;en &nbsp;relaci\u00f3n &nbsp;a &nbsp;todos &nbsp;los tratamientos que afectan a sus datos de car\u00e1cter Si solicita informaci\u00f3n&nbsp; de un tratamiento en concreto, s\u00f3lo la informaci\u00f3n de \u00e9ste. Si lo solicita por tel\u00e9fono se le indicar\u00e1 que lo haga por escrito y se le informar\u00e1 de c\u00f3mo lo puede hacer y la direcci\u00f3n a la que tiene que enviarlo. Nunca se le dar\u00e1 informaci\u00f3n por tel\u00e9fono.<\/span><\/li>\n<li><span style=\"font-family: dinpro-medium;\">Direcci\u00f3n postal o electr\u00f3nica a efectos de<\/span><\/li>\n<li><span style=\"font-family: dinpro-medium;\">Documentos acreditativos de la petici\u00f3n que formula, en caso de que sean<\/span><\/li>\n<li><span style=\"font-family: dinpro-medium;\">La persona&nbsp; solicitante&nbsp; debe&nbsp; utilizar&nbsp; cualquier&nbsp; medio&nbsp; que&nbsp; permita&nbsp; acreditar&nbsp; el&nbsp; env\u00edo&nbsp; y&nbsp; la recepci\u00f3n de la&nbsp; &nbsp;<\/span><\/li>\n<\/ul>\n<p>&nbsp;<\/p>\n<p><span style=\"font-family: dinpro-medium;\">Por \u00faltimo, le informamos que tiene derecho a presentar una reclamaci\u00f3n ante la Agencia Espa\u00f1ola de Protecci\u00f3n de Datos en caso de que tenga conocimiento o considere que un hecho pueda suponer un incumplimiento de la normativa aplicable en materia de protecci\u00f3n de datos.<\/span><\/p>\n<p>&nbsp;<\/p>\n<p><span style=\"font-family: dinpro-medium;\"><span style=\"color: #3366ff;\"><em>SINDICATO DE CONDUCTORES DE AUTOBUSES DE MADRID<\/em> <\/span>se compromete a adoptar las medidas t\u00e9cnicas y organizativas necesarias, acorde al nivel de riesgos que acompa\u00f1an los tratamientos realizados por \u00e9stas e indicados en el apartado de los t\u00e9rminos y condiciones de uso, de forma que garanticen su integridad,confidencialidad y disponibilidad.<\/span><\/p>\n<p>&nbsp;<\/p>\n","protected":false},"excerpt":{"rendered":"<p>POL\u00cdTICA DE PRIVACIDAD RAZ\u00d3N SOCIAL SINDICATO DE CONDUCTORES DE AUTOBUSES DE MADRID NIF G83486027 DOMINIO WWW.SICAMEMT.ORG DIRECCI\u00d3N POSTAL C\/ABTAO, 25 1\u00ba OF. 3,28007 MADRID(MADRID) DIRECCI\u00d3N ELECTR\u00d3NICA SICAMEMT@SICAMEMT.ORG TEL\u00c9FONOS 915522802 &nbsp; Datos del propietario de la web: Protecci\u00f3n de datos De conformidad con la normativa vigente y aplicable en protecci\u00f3n de datos de car\u00e1cter personal, le &#8230; <a title=\"Pol\u00edtica de Privacidad\" class=\"read-more\" href=\"https:\/\/www.sicamemt.org\/aspirantes-conductores-emt\/politica-de-privacidad-2\" aria-label=\"Leer m\u00e1s sobre Pol\u00edtica de Privacidad\">Leer m\u00e1s<\/a><\/p>\n","protected":false},"author":1,"featured_media":0,"parent":0,"menu_order":0,"comment_status":"closed","ping_status":"closed","template":"","meta":{"_exactmetrics_skip_tracking":false,"_exactmetrics_sitenote_active":false,"_exactmetrics_sitenote_note":"","_exactmetrics_sitenote_category":0,"ngg_post_thumbnail":0,"footnotes":""},"class_list":["post-2424","page","type-page","status-publish"],"_links":{"self":[{"href":"https:\/\/www.sicamemt.org\/aspirantes-conductores-emt\/wp-json\/wp\/v2\/pages\/2424","targetHints":{"allow":["GET"]}}],"collection":[{"href":"https:\/\/www.sicamemt.org\/aspirantes-conductores-emt\/wp-json\/wp\/v2\/pages"}],"about":[{"href":"https:\/\/www.sicamemt.org\/aspirantes-conductores-emt\/wp-json\/wp\/v2\/types\/page"}],"author":[{"embeddable":true,"href":"https:\/\/www.sicamemt.org\/aspirantes-conductores-emt\/wp-json\/wp\/v2\/users\/1"}],"replies":[{"embeddable":true,"href":"https:\/\/www.sicamemt.org\/aspirantes-conductores-emt\/wp-json\/wp\/v2\/comments?post=2424"}],"version-history":[{"count":5,"href":"https:\/\/www.sicamemt.org\/aspirantes-conductores-emt\/wp-json\/wp\/v2\/pages\/2424\/revisions"}],"predecessor-version":[{"id":3584,"href":"https:\/\/www.sicamemt.org\/aspirantes-conductores-emt\/wp-json\/wp\/v2\/pages\/2424\/revisions\/3584"}],"wp:attachment":[{"href":"https:\/\/www.sicamemt.org\/aspirantes-conductores-emt\/wp-json\/wp\/v2\/media?parent=2424"}],"curies":[{"name":"wp","href":"https:\/\/api.w.org\/{rel}","templated":true}]}}