{"id":2455,"date":"2019-08-23T11:04:29","date_gmt":"2019-08-23T09:04:29","guid":{"rendered":"https:\/\/www.sicamemt.org\/aspirantes-conductores-emt\/?page_id=2455"},"modified":"2019-08-23T11:04:29","modified_gmt":"2019-08-23T09:04:29","slug":"condiciones-de-uso","status":"publish","type":"page","link":"https:\/\/www.sicamemt.org\/aspirantes-conductores-emt\/condiciones-de-uso","title":{"rendered":"Condiciones de Uso"},"content":{"rendered":"<p>&nbsp;<\/p>\n<p><span style=\"font-family: dinpro-medium;\"><strong>CONDICIONES DE USO<\/strong><\/span><\/p>\n<p><span style=\"font-family: dinpro-medium;\">En cumplimiento de la Ley 34\/2002, de 11 de julio, de Servicios de la Sociedad de la Informaci\u00f3n y de Comercio Electr\u00f3nico (LSSI-CE), SINDICATO DE CONDUCTORES DE AUTOBUSES DE MADRID informa que es titular del sitio web WWW.SICAMEMT.ORG. De acuerdo con la exigencia del art\u00edculo 10 de la citada Ley, SINDICATO DE CONDUCTORES DE AUTOBUSES DE MADRID informa de los siguientes datos:<\/span><br \/>\n<span style=\"font-family: dinpro-medium;\">El titular de este sitio web es SINDICATO DE CONDUCTORES DE AUTOBUSES DE MADRID, con CIF G83486027 y domicilio social en C\/ABTAO, 25 1\u00ba OF. 3 28007, MADRID, inscrita en el Registro Mercantil, en el tomo \u2026\u2026\u2026.., folio \u2026\u2026\u2026.., hoja \u2026\u2026\u2026.. e inscripci\u00f3n \u2026\u2026\u2026\u2026 La direcci\u00f3n de correo electr\u00f3nico de contacto con la empresa es: ADMINISTRACION@SICAMEMT.ORG.<\/span><\/p>\n<p><span style=\"font-family: dinpro-medium;\"><em><strong>Usuario y r\u00e9gimen de responsabilidades<\/strong><\/em><\/span><\/p>\n<p><span style=\"font-family: dinpro-medium;\">La navegaci\u00f3n, acceso y uso por el sitio web de SINDICATO DE CONDUCTORES DE AUTOBUSES DE MADRID confiere la condici\u00f3n de usuario, por la que se aceptan, desde la navegaci\u00f3n por el sitio web de SINDICATO DE CONDUCTORES DE AUTOBUSES DE MADRID, todas las condiciones de uso aqu\u00ed establecidas sin perjuicio de la aplicaci\u00f3n de la correspondiente normativa de obligado cumplimiento legal seg\u00fan el caso.<\/span><br \/>\n<span style=\"font-family: dinpro-medium;\">El sitio web de SINDICATO DE CONDUCTORES DE AUTOBUSES DE MADRID proporciona gran diversidad de informaci\u00f3n, servicios y datos. El usuario asume su responsabilidad en el uso correcto del sitio web. Esta responsabilidad se extender\u00e1 a:<\/span><br \/>\n<span style=\"font-family: dinpro-medium;\">\uf0a7 La veracidad y licitud de las informaciones aportadas por el usuario en los formularios extendidos por SINDICATO DE CONDUCTORES DE AUTOBUSES DE MADRID para el acceso a ciertos contenidos o servicios ofrecidos por el web.<\/span><\/p>\n<p><span style=\"font-family: dinpro-medium;\">\uf0a7 El uso de la informaci\u00f3n, servicios y datos ofrecidos por SINDICATO DE CONDUCTORES DE AUTOBUSES DE MADRID contrariamente a lo dispuesto por las presentes condiciones, la Ley, la moral, las buenas costumbres o el orden p\u00fablico, o que de cualquier otro modo puedan suponer lesi\u00f3n de los derechos de terceros o del mismo funcionamiento del sitio web.<\/span><\/p>\n<p><span style=\"font-family: dinpro-medium;\"><strong><em>Pol\u00edtica de enlaces y exenciones de responsabilidad<\/em><\/strong><\/span><br \/>\n<span style=\"font-family: dinpro-medium;\">SINDICATO DE CONDUCTORES DE AUTOBUSES DE MADRID no se hace responsable del contenido de los sitios web a los que el usuario pueda acceder a trav\u00e9s de los enlaces establecidos en su sitio web y declara que en ning\u00fan caso proceder\u00e1 a examinar o ejercitar ning\u00fan tipo de control sobre el contenido de otros sitios de la red. Asimismo, tampoco garantizar\u00e1 la disponibilidad t\u00e9cnica, exactitud, veracidad, validez o legalidad de sitios ajenos a su propiedad a los que se pueda acceder por medio de los enlaces.<\/span><br \/>\n<span style=\"font-family: dinpro-medium;\">SINDICATO DE CONDUCTORES DE AUTOBUSES DE MADRID declara haber adoptado todas las medidas necesarias para evitar cualquier da\u00f1o a los usuarios de su sitio web, que pudieran derivarse de la navegaci\u00f3n por su sitio web. En consecuencia, SINDICATO DE CONDUCTORES DE AUTOBUSES DE MADRID no se hace responsable, en ning\u00fan caso, de los eventuales da\u00f1os que por la navegaci\u00f3n por Internet pudiera sufrir el usuario.<\/span><\/p>\n<p><span style=\"font-family: dinpro-medium;\"><em><strong>Modificaciones<\/strong><\/em><\/span><br \/>\n<span style=\"font-family: dinpro-medium;\">SINDICATO DE CONDUCTORES DE AUTOBUSES DE MADRID se reserva el derecho a realizar las modificaciones que considere oportunas, sin aviso previo, en el contenido de su sitio web. Tanto en lo referente a los contenidos del sitio web, como en las condiciones de uso del mismo. Dichas modificaciones podr\u00e1n realizarse a trav\u00e9s de su sitio web por cualquier forma admisible en derecho y ser\u00e1n de obligado cumplimiento durante el tiempo en que se encuentren publicadas en la web y hasta que no sean modificadas v\u00e1lidamente por otras posteriores.<\/span><br \/>\n<span style=\"font-family: dinpro-medium;\">Protecci\u00f3n de datos<\/span><\/p>\n<p><span style=\"font-family: dinpro-medium;\">De conformidad con lo establecido en la normativa vigente en Protecci\u00f3n de Datos de Car\u00e1cter Personal, le informamos que sus datos ser\u00e1n incorporados al sistema de tratamiento titularidad de SINDICATO DE CONDUCTORES DE AUTOBUSES DE MADRID con CIF G83486027 y domicilio social sito en C\/ABTAO, 25 1\u00ba OF. 3 28007, MADRID, con la finalidad de poder facilitar, agilizar y cumplir los compromisos establecidos entre ambas partes. En cumplimiento con la normativa vigente, SINDICATO DE CONDUCTORES DE AUTOBUSES DE MADRID informa que los datos ser\u00e1n conservados durante el plazo estrictamente necesario para cumplir con los preceptos mencionados con anterioridad.<\/span><\/p>\n<p><span style=\"font-family: dinpro-medium;\">Le informamos que el tratamiento de sus datos est\u00e1 legitimado por su consentimiento y\/o la relaci\u00f3n contractual que mantenemos con usted.<\/span><br \/>\n<span style=\"font-family: dinpro-medium;\">SINDICATO DE CONDUCTORES DE AUTOBUSES DE MADRID informa que proceder\u00e1 a tratar los datos de manera l\u00edcita, leal, transparente, adecuada, pertinente, limitada, exacta y actualizada. Es por ello que SINDICATO DE CONDUCTORES DE AUTOBUSES DE MADRID se compromete a adoptar todas las medidas razonables para que estos se supriman o rectifiquen sin dilaci\u00f3n cuando sean inexactos.<\/span><br \/>\n<span style=\"font-family: dinpro-medium;\">De acuerdo con los derechos que le confiere el la normativa vigente en protecci\u00f3n de datos podr\u00e1 ejercer los derechos de acceso, rectificaci\u00f3n, limitaci\u00f3n de tratamiento, supresi\u00f3n, portabilidad y oposici\u00f3n al tratamiento de sus datos de car\u00e1cter personal as\u00ed como del consentimiento prestado para el tratamiento de los mismos, dirigiendo su petici\u00f3n a la direcci\u00f3n postal indicada m\u00e1s arriba o al correo electr\u00f3nico ADMINISTRACION@SICAMEMT.ORG.<\/span><\/p>\n<p><span style=\"font-family: dinpro-medium;\">Podr\u00e1 dirigirse a la Autoridad de Control competente para presentar la reclamaci\u00f3n que considere oportuna.<\/span><br \/>\n<span style=\"font-family: dinpro-medium;\">Certificado SSL (Secure Sockets Layer)<\/span><\/p>\n<p><span style=\"font-family: dinpro-medium;\">El CERTIFICADO SSL proporciona autenticaci\u00f3n, privacidad y seguridad de la informaci\u00f3n entre SINDICATO DE CONDUCTORES DE AUTOBUSES DE MADRID y el usuario.<\/span><br \/>\n<span style=\"font-family: dinpro-medium;\">SINDICATO DE CONDUCTORES DE AUTOBUSES DE MADRID dispone de un certificado de seguridad que se utiliza por CERTIFICADO SSL para realizar conexiones seguras.<\/span><br \/>\n<span style=\"font-family: dinpro-medium;\">En este proceso se establecen varios par\u00e1metros para realizar la conexi\u00f3n de forma segura y se establece usando llaves preestablecidas, codificando y descodificando todos los datos enviados hasta que la conexi\u00f3n sea cerrada.<\/span><\/p>\n<p><span style=\"font-family: dinpro-medium;\"><em><strong>Propiedad intelectual e industrial<\/strong><\/em><\/span><br \/>\n<span style=\"font-family: dinpro-medium;\">SINDICATO DE CONDUCTORES DE AUTOBUSES DE MADRID por s\u00ed misma o como cesionaria, es titular de todos los derechos de propiedad intelectual e industrial de su p\u00e1gina web, as\u00ed como de los elementos contenidos en la misma (a t\u00edtulo enunciativo, im\u00e1genes, sonido, audio, v\u00eddeo, software o textos; marcas o logotipos, combinaciones de colores, estructura y dise\u00f1o, selecci\u00f3n de materiales usados, programas de ordenador necesarios para su funcionamiento, acceso y uso, etc.), titularidad de SINDICATO DE CONDUCTORES DE AUTOBUSES DE MADRID. Ser\u00e1n, por consiguiente, obras protegidas como propiedad intelectual por el ordenamiento jur\u00eddico espa\u00f1ol, si\u00e9ndoles aplicables tanto la normativa espa\u00f1ola y comunitaria en este campo, como los tratados internacionales relativos a la materia y suscritos por Espa\u00f1a.<\/span><br \/>\n<span style=\"font-family: dinpro-medium;\">Todos los derechos reservados. En virtud de lo dispuesto en la Ley de Propiedad Intelectual, quedan expresamente prohibidas la reproducci\u00f3n, la distribuci\u00f3n y la comunicaci\u00f3n p\u00fablica, incluida su modalidad de puesta a disposici\u00f3n, de la totalidad o parte de los contenidos de esta p\u00e1gina web, con fines comerciales, en cualquier soporte y por cualquier medio t\u00e9cnico, sin la autorizaci\u00f3n de SINDICATO DE CONDUCTORES DE AUTOBUSES DE MADRID.<\/span><br \/>\n<span style=\"font-family: dinpro-medium;\">El usuario se compromete a respetar los derechos de Propiedad Intelectual e Industrial titularidad de SINDICATO DE CONDUCTORES DE AUTOBUSES DE MADRID. Podr\u00e1 visualizar los elementos del portal e incluso imprimirlos, copiarlos y almacenarlos en el disco duro de su ordenador o en cualquier otro soporte f\u00edsico siempre y cuando sea, \u00fanica y exclusivamente, para su uso personal y privado. El usuario deber\u00e1 abstenerse de suprimir, alterar, eludir o manipular cualquier dispositivo de protecci\u00f3n o sistema de seguridad que estuviera instalado en las p\u00e1ginas de SINDICATO DE CONDUCTORES DE AUTOBUSES DE MADRID.<\/span><br \/>\n<span style=\"font-family: dinpro-medium;\">Acciones legales, legislaci\u00f3n aplicable y jurisdicci\u00f3n<\/span><br \/>\n<span style=\"font-family: dinpro-medium;\">SINDICATO DE CONDUCTORES DE AUTOBUSES DE MADRID se reserva, asimismo, la facultad de presentar las acciones civiles o penales que considere oportunas por la utilizaci\u00f3n indebida de su sitio web y contenidos, o por el incumplimiento de las presentes condiciones.<\/span><br \/>\n<span style=\"font-family: dinpro-medium;\">La relaci\u00f3n entre el usuario y el prestador se regir\u00e1 por la normativa vigente y de aplicaci\u00f3n en el territorio espa\u00f1ol. De surgir cualquier controversia las partes podr\u00e1n someter sus conflictos a arbitraje o acudir a la jurisdicci\u00f3n ordinaria cumpliendo con las normas sobre jurisdicci\u00f3n y competencia al respecto. SINDICATO DE CONDUCTORES DE AUTOBUSES DE MADRID tiene su domicilio en MADRID, Espa\u00f1a.<\/span><\/p>\n","protected":false},"excerpt":{"rendered":"<p>&nbsp; CONDICIONES DE USO En cumplimiento de la Ley 34\/2002, de 11 de julio, de Servicios de la Sociedad de la Informaci\u00f3n y de Comercio Electr\u00f3nico (LSSI-CE), SINDICATO DE CONDUCTORES DE AUTOBUSES DE MADRID informa que es titular del sitio web WWW.SICAMEMT.ORG. De acuerdo con la exigencia del art\u00edculo 10 de la citada Ley, SINDICATO &#8230; <a title=\"Condiciones de Uso\" class=\"read-more\" href=\"https:\/\/www.sicamemt.org\/aspirantes-conductores-emt\/condiciones-de-uso\" aria-label=\"Leer m\u00e1s sobre Condiciones de Uso\">Leer m\u00e1s<\/a><\/p>\n","protected":false},"author":1,"featured_media":0,"parent":0,"menu_order":0,"comment_status":"closed","ping_status":"closed","template":"","meta":{"_exactmetrics_skip_tracking":false,"_exactmetrics_sitenote_active":false,"_exactmetrics_sitenote_note":"","_exactmetrics_sitenote_category":0,"ngg_post_thumbnail":0,"footnotes":""},"class_list":["post-2455","page","type-page","status-publish"],"_links":{"self":[{"href":"https:\/\/www.sicamemt.org\/aspirantes-conductores-emt\/wp-json\/wp\/v2\/pages\/2455","targetHints":{"allow":["GET"]}}],"collection":[{"href":"https:\/\/www.sicamemt.org\/aspirantes-conductores-emt\/wp-json\/wp\/v2\/pages"}],"about":[{"href":"https:\/\/www.sicamemt.org\/aspirantes-conductores-emt\/wp-json\/wp\/v2\/types\/page"}],"author":[{"embeddable":true,"href":"https:\/\/www.sicamemt.org\/aspirantes-conductores-emt\/wp-json\/wp\/v2\/users\/1"}],"replies":[{"embeddable":true,"href":"https:\/\/www.sicamemt.org\/aspirantes-conductores-emt\/wp-json\/wp\/v2\/comments?post=2455"}],"version-history":[{"count":1,"href":"https:\/\/www.sicamemt.org\/aspirantes-conductores-emt\/wp-json\/wp\/v2\/pages\/2455\/revisions"}],"predecessor-version":[{"id":2456,"href":"https:\/\/www.sicamemt.org\/aspirantes-conductores-emt\/wp-json\/wp\/v2\/pages\/2455\/revisions\/2456"}],"wp:attachment":[{"href":"https:\/\/www.sicamemt.org\/aspirantes-conductores-emt\/wp-json\/wp\/v2\/media?parent=2455"}],"curies":[{"name":"wp","href":"https:\/\/api.w.org\/{rel}","templated":true}]}}