{"id":301,"date":"2016-02-17T22:09:41","date_gmt":"2016-02-17T21:09:41","guid":{"rendered":"http:\/\/www.sicamemt.org\/aspirantes-conductores-emt\/?page_id=301"},"modified":"2022-02-18T11:23:47","modified_gmt":"2022-02-18T09:23:47","slug":"temariopdf","status":"publish","type":"page","link":"https:\/\/www.sicamemt.org\/aspirantes-conductores-emt\/temariopdf","title":{"rendered":"Material adicional (TEST)"},"content":{"rendered":"<h3 style=\"text-align: center;\"><span style=\"font-family: dinpro-medium;\"><strong><span style=\"color: #000000;\">TEST PSICOT\u00c9CNICOS Y PERSONALIDAD<\/span><\/strong><\/span><\/h3>\n<p style=\"text-align: justify;\"><span style=\"color: #000000; font-family: dinpro-medium;\"><span style=\"color: #000000;\">Ya os hemos realizado la actualizaci\u00f3n del temario de la convocatoria, el cual podeis obtenerlo gratuitamente.<\/span><\/span><\/p>\n<p><span style=\"color: #000000; font-family: dinpro-medium;\">A continuaci\u00f3n os ponemos los enlaces a unas web externas que os pueden ser de utilidad para la realizaci\u00f3n de test y poderos orientar. La APP psicot\u00e9cnico, es una recomendaci\u00f3n que nos parece \u00fatil, para que pod\u00e1is practicar desde un dispositivo m\u00f3vil. No os podemos recomendar una APP personalidad, por no convencernos ninguna de las que hemos probado. &nbsp;Siempre pod\u00e9is buscar en internet otras&nbsp;web y APP que os pueden ser de ayuda. <strong>Se han a\u00f1adido material nuevo.<\/strong><\/span><br \/>\n<span style=\"font-family: dinpro-medium;\"> <div class=\"tx-row \"><\/span><br \/>\n<span style=\"font-family: dinpro-medium\"> <div class=\"tx-column tx-column-size-1-2\"><\/span><\/p>\n<h3 style=\"text-align: center\"><span style=\"color: #000000;font-family: dinpro-medium\"><strong>Psicot\u00e9cnicos<\/strong><\/span><\/h3>\n<p><span style=\"font-family: dinpro-medium\"><span style=\"color: #000000\">&#8211; Test psicot\u00e9cnicos, para practicar&#8230;..<\/span><a href=\"http:\/\/www.hacertest.com\/psicotecnicos\/examenes\/\" target=\"_blank\" rel=\"noopener\">ver<\/a><\/span><br \/>\n<span style=\"font-family: dinpro-medium\"> <span style=\"color: #000000\">&#8211; Sitio de gran variedad de test (nuevo)&#8230;.<\/span><a href=\"http:\/\/www.psicotecnicostest.com\/\" target=\"_blank\" rel=\"noopener\">ver<\/a><\/span><br \/>\n<span style=\"font-family: dinpro-medium\"> <span style=\"color: #000000\">&#8211; Test de Racionamiento Verbal&#8230;.<\/span><a href=\"http:\/\/www.psicotecnicostest.com\/testpsicotecnicosonline.asp?TIP=Razonamiento%20verbal&amp;TEST=1\" target=\"_blank\" rel=\"noopener\">ver<\/a><\/span><br \/>\n<span style=\"font-family: dinpro-medium\"> <span style=\"color: #000000\">&#8211; Test de Racionamiento Espacial&#8230;..<\/span><a href=\"http:\/\/www.psicotecnicostest.com\/testpsicotecnicosonline.asp?TIP=Figuras%20-%20Razonamiento%20abstracto&amp;TEST=1\" target=\"_blank\" rel=\"noopener\">ver<\/a><\/span><br \/>\n<span style=\"font-family: dinpro-medium\"> <span style=\"color: #000000\">&#8211; APP Psicotecnico&#8230;..<\/span><a href=\"https:\/\/play.google.com\/store\/apps\/details?id=test.me.in.psicotecnicos\" target=\"_blank\" rel=\"noopener\">Android<\/a>&#8230;..<a href=\"https:\/\/itunes.apple.com\/es\/app\/tesmein-psicotecnicos-iq\/id1082840740?mt=8\" target=\"_blank\" rel=\"noopener\">iTunes<\/a><\/div><\/span><br \/>\n<span style=\"font-family: dinpro-medium\"> <div class=\"tx-column tx-column-size-1-2\"><\/span><\/p>\n<h3 style=\"text-align: center\"><span style=\"color: #000000;font-family: dinpro-medium\"><strong>Personalidad<\/strong><\/span><\/h3>\n<p><span style=\"font-family: dinpro-medium\"><span style=\"color: #000000\">&#8211; Test de personalidad orientativos&#8230;..<\/span><a href=\"https:\/\/www.16personalities.com\/es\/\" target=\"_blank\" rel=\"noopener\">ver<\/a><\/span><br \/>\n<span style=\"color: #000000;font-family: dinpro-medium\"> &#8211; Test de Sociabilidad-opcion 1&#8230;..<a href=\"http:\/\/www.cepvi.com\/index.php\/test\/test-generales\/eres-una-persona-sociable\" target=\"_blank\" rel=\"noopener\">ver<\/a><\/span><br \/>\n<span style=\"color: #000000;font-family: dinpro-medium\"> &#8211; Test de Sociabilidad-opcion 2&#8230;..<a href=\"http:\/\/www.psicologia-online.com\/test\/sociabilidad\/\" target=\"_blank\" rel=\"noopener\">ver<\/a><\/span><br \/>\n<span style=\"color: #000000;font-family: dinpro-medium\"> &#8211; Test de Trabajo en equipo&#8230;..<a href=\"http:\/\/www.hacertest.com\/pruebas-psicotecnicas\/\" target=\"_blank\" rel=\"noopener\">ver<\/a><\/span><br \/>\n<span style=\"font-family: dinpro-medium\"> <span style=\"color: #000000\">&#8211; Test de Flexibilidad&#8230;..<\/span><a href=\"http:\/\/www.cepvi.com\/index.php\/test\/test-generales\/eres-una-persona-flexible-o-inflexible\" target=\"_blank\" rel=\"noopener\">ver<\/a><\/span><br \/>\n<span style=\"font-family: dinpro-medium\"> <span style=\"color: #000000\">&#8211; Test de aTT. Cliente&#8230;..<\/span><a href=\"https:\/\/www.educaplay.com\/es\/recursoseducativos\/548121\/atencion_al_cliente_.htm\" target=\"_blank\" rel=\"noopener\">ver<\/a><\/span><br \/>\n<span style=\"color: #000000;font-family: dinpro-medium\"> &#8211; Test de estabilidad Emocional&#8230;.<a href=\"http:\/\/www.psicoactiva.com\/tests\/inteligencia_emocional.htm\" target=\"_blank\" rel=\"noopener\">ver<\/a><\/span><br \/>\n<span style=\"color: #000000;font-family: dinpro-medium\"> &#8211; Test de personalidad orientativos (nuevo)&#8230;..<a href=\"http:\/\/www.hacertest.com\/personalidad\/\" target=\"_blank\" rel=\"noopener\">ver<\/a><\/span><br \/>\n<span style=\"font-family: dinpro-medium\"> <span style=\"color: #000000\">&#8211; Test de personalidad orientativos (nuevo)&#8230;..<a href=\"https:\/\/www.123test.es\/test-de-personalidad\/\" target=\"_blank\" rel=\"noopener\">ver<\/a><\/span><\/div><\/span><br \/>\n<span style=\"font-family: dinpro-medium\"> <\/div><\/span><\/p>\n","protected":false},"excerpt":{"rendered":"<p>TEST PSICOT\u00c9CNICOS Y PERSONALIDAD Ya os hemos realizado la actualizaci\u00f3n del temario de la convocatoria, el cual podeis obtenerlo gratuitamente. A continuaci\u00f3n os ponemos los enlaces a unas web externas que os pueden ser de utilidad para la realizaci\u00f3n de test y poderos orientar. La APP psicot\u00e9cnico, es una recomendaci\u00f3n que nos parece \u00fatil, para &#8230; <a title=\"Material adicional (TEST)\" class=\"read-more\" href=\"https:\/\/www.sicamemt.org\/aspirantes-conductores-emt\/temariopdf\" aria-label=\"Leer m\u00e1s sobre Material adicional (TEST)\">Leer m\u00e1s<\/a><\/p>\n","protected":false},"author":1,"featured_media":0,"parent":0,"menu_order":0,"comment_status":"closed","ping_status":"closed","template":"","meta":{"_exactmetrics_skip_tracking":false,"_exactmetrics_sitenote_active":false,"_exactmetrics_sitenote_note":"","_exactmetrics_sitenote_category":0,"ngg_post_thumbnail":0,"footnotes":""},"class_list":["post-301","page","type-page","status-publish"],"_links":{"self":[{"href":"https:\/\/www.sicamemt.org\/aspirantes-conductores-emt\/wp-json\/wp\/v2\/pages\/301","targetHints":{"allow":["GET"]}}],"collection":[{"href":"https:\/\/www.sicamemt.org\/aspirantes-conductores-emt\/wp-json\/wp\/v2\/pages"}],"about":[{"href":"https:\/\/www.sicamemt.org\/aspirantes-conductores-emt\/wp-json\/wp\/v2\/types\/page"}],"author":[{"embeddable":true,"href":"https:\/\/www.sicamemt.org\/aspirantes-conductores-emt\/wp-json\/wp\/v2\/users\/1"}],"replies":[{"embeddable":true,"href":"https:\/\/www.sicamemt.org\/aspirantes-conductores-emt\/wp-json\/wp\/v2\/comments?post=301"}],"version-history":[{"count":83,"href":"https:\/\/www.sicamemt.org\/aspirantes-conductores-emt\/wp-json\/wp\/v2\/pages\/301\/revisions"}],"predecessor-version":[{"id":3013,"href":"https:\/\/www.sicamemt.org\/aspirantes-conductores-emt\/wp-json\/wp\/v2\/pages\/301\/revisions\/3013"}],"wp:attachment":[{"href":"https:\/\/www.sicamemt.org\/aspirantes-conductores-emt\/wp-json\/wp\/v2\/media?parent=301"}],"curies":[{"name":"wp","href":"https:\/\/api.w.org\/{rel}","templated":true}]}}