{"id":3057,"date":"2022-02-18T14:43:12","date_gmt":"2022-02-18T12:43:12","guid":{"rendered":"https:\/\/www.sicamemt.org\/aspirantes-conductores-emt\/?page_id=3057"},"modified":"2022-03-17T13:41:11","modified_gmt":"2022-03-17T11:41:11","slug":"temario-marzo-2022","status":"publish","type":"page","link":"https:\/\/www.sicamemt.org\/aspirantes-conductores-emt\/temario-marzo-2022","title":{"rendered":"Temario Especialidad Talleres"},"content":{"rendered":"<p>&nbsp;<\/p>\n<p><a href=\"https:\/\/www.sicamemt.org\/aspirantes-conductores-emt\/wp-content\/uploads\/2022\/03\/Temario-Plazas-Especialista-Taller-Subdireccion-Centros-de-Operaciones.jpg\"><img loading=\"lazy\" decoding=\"async\" class=\"wp-image-3123 size-medium aligncenter\" src=\"https:\/\/www.sicamemt.org\/aspirantes-conductores-emt\/wp-content\/uploads\/2022\/03\/Temario-Plazas-Especialista-Taller-Subdireccion-Centros-de-Operaciones-212x300.jpg\" alt=\"\" width=\"212\" height=\"300\" srcset=\"https:\/\/www.sicamemt.org\/aspirantes-conductores-emt\/wp-content\/uploads\/2022\/03\/Temario-Plazas-Especialista-Taller-Subdireccion-Centros-de-Operaciones-212x300.jpg 212w, https:\/\/www.sicamemt.org\/aspirantes-conductores-emt\/wp-content\/uploads\/2022\/03\/Temario-Plazas-Especialista-Taller-Subdireccion-Centros-de-Operaciones-724x1024.jpg 724w, https:\/\/www.sicamemt.org\/aspirantes-conductores-emt\/wp-content\/uploads\/2022\/03\/Temario-Plazas-Especialista-Taller-Subdireccion-Centros-de-Operaciones-768x1086.jpg 768w, https:\/\/www.sicamemt.org\/aspirantes-conductores-emt\/wp-content\/uploads\/2022\/03\/Temario-Plazas-Especialista-Taller-Subdireccion-Centros-de-Operaciones-1086x1536.jpg 1086w, https:\/\/www.sicamemt.org\/aspirantes-conductores-emt\/wp-content\/uploads\/2022\/03\/Temario-Plazas-Especialista-Taller-Subdireccion-Centros-de-Operaciones.jpg 1249w\" sizes=\"auto, (max-width: 212px) 100vw, 212px\" \/><\/a><\/p>\n<p>&nbsp;<\/p>\n<p style=\"text-align: left;\"><span style=\"color: #0000ff;\"><strong><em><span style=\"font-size: 24px;\">\u00cdNDICE TEMAR\u00cdO&nbsp; &nbsp; <a class=\"tx-button\" href=\"https:\/\/www.sicamemt.org\/images\/2022\/Convocatoria%20Talleres\/2022\/Temario-Plazas-Especialista-Taller-Subdireccion-Centros-de-Operaciones.pdf\" target=\"_blank\" style=\"color: #ffffff; background-color: #1e73be\">Descarga Indice<\/a><\/span><\/em><\/strong><\/span><\/p>\n<p><span style=\"color: #0000ff;\"><strong><em><span style=\"font-size: 24px;\">TEMAR\u00cdO CARROCERIA&nbsp; &nbsp; <a class=\"tx-button\" href=\"https:\/\/www.sicamemt.org\/images\/2022\/Convocatoria%20Talleres\/2022\/M%C3%B3dulo%20Profesional%20Carroceria%20EMT%20%20modificado%20marzo%202022%20.pdf\" target=\"_blank\" style=\"color: #ffffff; background-color: #1e73be\">Descarga<\/a><\/span><\/em><\/strong><\/span><\/p>\n<p><span style=\"color: #0000ff;\"><strong><em><span style=\"font-size: 24px;\">TEMAR\u00cdO ELECTROMEC\u00c1NICA&nbsp; &nbsp;<a class=\"tx-button\" href=\"https:\/\/www.sicamemt.org\/images\/2022\/Convocatoria%20Talleres\/2022\/M%C3%B3dulo%20Profesional%20Electromec%C3%A1nica%20EMT%20modificado%20marzo%202022.pdf\" target=\"_blank\" style=\"color: #ffffff; background-color: #1e73be\">Descarga <\/a><\/span><\/em><\/strong><\/span><\/p>\n","protected":false},"excerpt":{"rendered":"<p>&nbsp; &nbsp; \u00cdNDICE TEMAR\u00cdO&nbsp; &nbsp; TEMAR\u00cdO CARROCERIA&nbsp; &nbsp; TEMAR\u00cdO ELECTROMEC\u00c1NICA&nbsp; &nbsp;<\/p>\n","protected":false},"author":1,"featured_media":0,"parent":0,"menu_order":0,"comment_status":"closed","ping_status":"closed","template":"","meta":{"_exactmetrics_skip_tracking":false,"_exactmetrics_sitenote_active":false,"_exactmetrics_sitenote_note":"","_exactmetrics_sitenote_category":0,"ngg_post_thumbnail":0,"footnotes":""},"class_list":["post-3057","page","type-page","status-publish"],"_links":{"self":[{"href":"https:\/\/www.sicamemt.org\/aspirantes-conductores-emt\/wp-json\/wp\/v2\/pages\/3057","targetHints":{"allow":["GET"]}}],"collection":[{"href":"https:\/\/www.sicamemt.org\/aspirantes-conductores-emt\/wp-json\/wp\/v2\/pages"}],"about":[{"href":"https:\/\/www.sicamemt.org\/aspirantes-conductores-emt\/wp-json\/wp\/v2\/types\/page"}],"author":[{"embeddable":true,"href":"https:\/\/www.sicamemt.org\/aspirantes-conductores-emt\/wp-json\/wp\/v2\/users\/1"}],"replies":[{"embeddable":true,"href":"https:\/\/www.sicamemt.org\/aspirantes-conductores-emt\/wp-json\/wp\/v2\/comments?post=3057"}],"version-history":[{"count":5,"href":"https:\/\/www.sicamemt.org\/aspirantes-conductores-emt\/wp-json\/wp\/v2\/pages\/3057\/revisions"}],"predecessor-version":[{"id":3125,"href":"https:\/\/www.sicamemt.org\/aspirantes-conductores-emt\/wp-json\/wp\/v2\/pages\/3057\/revisions\/3125"}],"wp:attachment":[{"href":"https:\/\/www.sicamemt.org\/aspirantes-conductores-emt\/wp-json\/wp\/v2\/media?parent=3057"}],"curies":[{"name":"wp","href":"https:\/\/api.w.org\/{rel}","templated":true}]}}