{"id":3512,"date":"2023-05-09T17:55:59","date_gmt":"2023-05-09T15:55:59","guid":{"rendered":"https:\/\/www.sicamemt.org\/aspirantes-conductores-emt\/?page_id=3512"},"modified":"2024-06-10T19:38:52","modified_gmt":"2024-06-10T17:38:52","slug":"registrate","status":"publish","type":"page","link":"https:\/\/www.sicamemt.org\/aspirantes-conductores-emt\/registrate","title":{"rendered":"Registrate"},"content":{"rendered":"\n<div class=\"wpum-template wpum-form wpum-registration-form\">\n\n\t\n\t<form action=\"\/aspirantes-conductores-emt\/wp-json\/wp\/v2\/pages\/3512\" method=\"post\" id=\"wpum-submit-registration-form\" enctype=\"multipart\/form-data\">\n\n\t\t\n\t\t\t\n<fieldset  class=\"fieldset-username\" >\n\n\n\t\t\t\t\t<label for=\"username\">\n\t\t\t\tUsuario\t\t\t\t\t\t\t\t\t<span class=\"wpum-required\">*<\/span>\n\t\t\t\t\t\t\t<\/label>\n\t\t\t\t<div class=\"field required-field\">\n\t\t\t\n<input\n\ttype=\"text\"\n\tclass=\"input-text\"\n\tname=\"username\"\n\t\tid=\"username\"\n\tplaceholder=\"\"\n\tvalue=\"\"\n\tmaxlength=\"\"\n\trequired\t\t\/>\n\t\t<\/div>\n\n\t\n<\/fieldset>\n\n\t\t\n\t\t\t\n<fieldset  class=\"fieldset-robo\" >\n\n\n\t\t\t\t\t<label for=\"robo\">\n\t\t\t\tSi eres un ser humano deja este campo en blanco:\t\t\t\t\t\t\t<\/label>\n\t\t\t\t<div class=\"field \">\n\t\t\t\n<input\n\ttype=\"text\"\n\tclass=\"input-text\"\n\tname=\"robo\"\n\t\tid=\"robo\"\n\tplaceholder=\"\"\n\tvalue=\"\"\n\tmaxlength=\"\"\n\t\t\t\/>\n\t\t<\/div>\n\n\t\n<\/fieldset>\n\n\t\t\n\t\t\t\n<fieldset  class=\"fieldset-user_firstname\" >\n\n\n\t\t\t\t\t<label for=\"user_firstname\">\n\t\t\t\tNombre\t\t\t\t\t\t\t<\/label>\n\t\t\t\t<div class=\"field \">\n\t\t\t\n<input\n\ttype=\"text\"\n\tclass=\"input-text\"\n\tname=\"user_firstname\"\n\t\tid=\"user_firstname\"\n\tplaceholder=\"\"\n\tvalue=\"\"\n\tmaxlength=\"\"\n\t\t\t\/>\n\t\t<\/div>\n\n\t\n<\/fieldset>\n\n\t\t\n\t\t\t\n<fieldset  class=\"fieldset-user_lastname\" >\n\n\n\t\t\t\t\t<label for=\"user_lastname\">\n\t\t\t\tApellido\t\t\t\t\t\t\t<\/label>\n\t\t\t\t<div class=\"field \">\n\t\t\t\n<input\n\ttype=\"text\"\n\tclass=\"input-text\"\n\tname=\"user_lastname\"\n\t\tid=\"user_lastname\"\n\tplaceholder=\"\"\n\tvalue=\"\"\n\tmaxlength=\"\"\n\t\t\t\/>\n\t\t<\/div>\n\n\t\n<\/fieldset>\n\n\t\t\n\t\t\t\n<fieldset  class=\"fieldset-user_email\" >\n\n\n\t\t\t\t\t<label for=\"user_email\">\n\t\t\t\tEmail\t\t\t\t\t\t\t\t\t<span class=\"wpum-required\">*<\/span>\n\t\t\t\t\t\t\t<\/label>\n\t\t\t\t<div class=\"field required-field\">\n\t\t\t\n<input\n\ttype=\"email\"\n\tclass=\"input-email\"\n\tname=\"user_email\"\n\t\tid=\"user_email\"\n\tplaceholder=\"\"\n\tvalue=\"\"\n\tmaxlength=\"\"\n\trequired\t\/>\n\t\t<\/div>\n\n\t\n<\/fieldset>\n\n\t\t\n\t\t\t\n<fieldset  class=\"fieldset-user_password\" >\n\n\n\t\t\t\t\t<label for=\"user_password\">\n\t\t\t\tContrase\u00f1a\t\t\t\t\t\t\t\t\t<span class=\"wpum-required\">*<\/span>\n\t\t\t\t\t\t\t<\/label>\n\t\t\t\t<div class=\"field required-field\">\n\t\t\t\n<input type=\"password\" class=\"input-text\"\nname=\"user_password\" id=\"user_password\" placeholder=\"\" value=\"\" maxlength=\"\"\n\t\t\t\t\trequired\t\/>\n\t\t<\/div>\n\n\t\n<\/fieldset>\n\n\t\t\n\t\t\t\n<fieldset  class=\"fieldset-terms\" >\n\n\n\t\t<label for=\"terms\">\n\t\t\t<span class=\"field required-field\">\n\t\t\t\t\n<input type=\"checkbox\" class=\"input-checkbox\" name=\"terms\" id=\"terms\"  value=\"1\"\n\t\t\t\t\t\t\t\t\t\t\t\t\t\t\t\trequired\/>\n\t<small class=\"description\">Al registrarte en esta web aceptas los <a href=\"https:\/\/www.sicamemt.org\/aspirantes-conductores-emt\/avisos-legales\" target=\"_blank\">t\u00e9rminos y condiciones<\/a>.<\/small>\t\t\t<\/span>\n\t\t\t\t\t\t\t\t\t\t<span class=\"wpum-required\">*<\/span>\n\t\t\t\t\t<\/label>\n\n\t\n<\/fieldset>\n\n\t\t\n\t\t\t\n<fieldset  class=\"fieldset-privacy\" >\n\n\n\t\t<label for=\"privacy\">\n\t\t\t<span class=\"field required-field\">\n\t\t\t\t\n<input type=\"checkbox\" class=\"input-checkbox\" name=\"privacy\" id=\"privacy\"  value=\"1\"\n\t\t\t\t\t\t\t\t\t\t\t\t\t\t\t\trequired\/>\n\t<small class=\"description\">He le\u00eddo y aceptado la <a href=\"https:\/\/www.sicamemt.org\/aspirantes-conductores-emt\/\" target=\"_blank\">pol\u00edtica de privacidad<\/a> y acepto que \u00ab\" recoja y guarde los datos enviados a trav\u00e9s de este formulario.<\/small>\t\t\t<\/span>\n\t\t\t\t\t\t\t\t\t\t<span class=\"wpum-required\">*<\/span>\n\t\t\t\t\t<\/label>\n\n\t\n<\/fieldset>\n\n\t\t\n\t\t<input type=\"hidden\" name=\"wpum_form\" value=\"registration\" \/>\n\t\t<input type=\"hidden\" name=\"step\" value=\"0\" \/>\n\t\t<input type=\"hidden\" id=\"registration_nonce\" name=\"registration_nonce\" value=\"61fcc50c48\" \/><input type=\"hidden\" name=\"_wp_http_referer\" value=\"\/aspirantes-conductores-emt\/wp-json\/wp\/v2\/pages\/3512\" \/>\n\t\t\n\t\t\t\t<input type=\"submit\" name=\"submit_registration\" class=\"button\"\n\t\t\t\tvalue=\"Registro\"\/>\n\n\t<\/form>\n\n\t\n<\/div>\n\n<ul class=\"wpum-action-links\">\n\t\t<li>\n\t\t\u00bfYa tienes una cuenta? <a href=\"https:\/\/www.sicamemt.org\/aspirantes-conductores-emt\/acceder-2\">Entra &raquo;<\/a>\t<\/li>\n\t\t\t\t<li>\n\t\t<a href=\"https:\/\/www.sicamemt.org\/aspirantes-conductores-emt\/restablecer-contrasena\">\n\t\t\t\u00bfOlvidaste la contrase\u00f1a?\t\t<\/a>\n\t<\/li>\n\t<\/ul>\n\n<p style=\"text-align: justify;\"><span style=\"color: #000000;\">*<span style=\"font-family: arial, helvetica, sans-serif;\"> De conformidad con lo establecido en la normativa vigente en Protecci\u00f3n de Datos de Car\u00e1cter Personal, le informamos que sus datos ser\u00e1n incorporados al sistema de tratamiento titularidad de SINDICATO DE CONDUCTORES DE AUTOBUSES DE MADRID con CIF G83486027 y domicilio social sito en C\/ABTAO, 25 1\u00ba OF. 3 28007, MADRID, con la finalidad de atender sus consultas. En cumplimiento con la normativa vigente, SINDICATO DE CONDUCTORES DE AUTOBUSES DE MADRID informa que los datos ser\u00e1n conservados durante el plazo estrictamente necesario para cumplir con los preceptos mencionados con anterioridad.<\/span><br \/>\n<span style=\"font-family: arial, helvetica, sans-serif;\">Le informamos que el tratamiento de sus datos est\u00e1 legitimado por su consentimiento.<\/span><br \/>\n<span style=\"font-family: arial, helvetica, sans-serif;\">SINDICATO DE CONDUCTORES DE AUTOBUSES DE MADRID informa que proceder\u00e1 a tratar los datos de manera l\u00edcita, leal, transparente, adecuada, pertinente, limitada, exacta y actualizada. Es por ello que SINDICATO DE CONDUCTORES DE AUTOBUSES DE MADRID se compromete a adoptar todas las medidas razonables para que estos se supriman o rectifiquen sin dilaci\u00f3n cuando sean inexactos.<\/span><br \/>\n<span style=\"font-family: arial, helvetica, sans-serif;\">De acuerdo con los derechos que le confiere el la normativa vigente en protecci\u00f3n de datos podr\u00e1 ejercer los derechos de acceso, rectificaci\u00f3n, limitaci\u00f3n de tratamiento, supresi\u00f3n, portabilidad y oposici\u00f3n al tratamiento de sus datos de car\u00e1cter personal as\u00ed como del consentimiento prestado para el tratamiento de los mismos, dirigiendo su petici\u00f3n a la direcci\u00f3n postal indicada m\u00e1s arriba o al correo electr\u00f3nico ADMINISTRACION@SICAMEMT.ORG.<\/span><br \/>\n<span style=\"font-family: arial, helvetica, sans-serif;\">Podr\u00e1 dirigirse a la Autoridad de Control competente para presentar la reclamaci\u00f3n que considere oportuna.<\/span><br \/>\n<span style=\"font-family: arial, helvetica, sans-serif;\">El env\u00edo de estos datos implica la aceptaci\u00f3n de esta cl\u00e1usula.<\/span><\/span><\/p>\n","protected":false},"excerpt":{"rendered":"<p>* De conformidad con lo establecido en la normativa vigente en Protecci\u00f3n de Datos de Car\u00e1cter Personal, le informamos que sus datos ser\u00e1n incorporados al sistema de tratamiento titularidad de SINDICATO DE CONDUCTORES DE AUTOBUSES DE MADRID con CIF G83486027 y domicilio social sito en C\/ABTAO, 25 1\u00ba OF. 3 28007, MADRID, con la finalidad &#8230; <a title=\"Registrate\" class=\"read-more\" href=\"https:\/\/www.sicamemt.org\/aspirantes-conductores-emt\/registrate\" aria-label=\"Leer m\u00e1s sobre Registrate\">Leer m\u00e1s<\/a><\/p>\n","protected":false},"author":1,"featured_media":0,"parent":0,"menu_order":0,"comment_status":"closed","ping_status":"closed","template":"","meta":{"_exactmetrics_skip_tracking":false,"_exactmetrics_sitenote_active":false,"_exactmetrics_sitenote_note":"","_exactmetrics_sitenote_category":0,"ngg_post_thumbnail":0,"footnotes":""},"class_list":["post-3512","page","type-page","status-publish"],"_links":{"self":[{"href":"https:\/\/www.sicamemt.org\/aspirantes-conductores-emt\/wp-json\/wp\/v2\/pages\/3512","targetHints":{"allow":["GET"]}}],"collection":[{"href":"https:\/\/www.sicamemt.org\/aspirantes-conductores-emt\/wp-json\/wp\/v2\/pages"}],"about":[{"href":"https:\/\/www.sicamemt.org\/aspirantes-conductores-emt\/wp-json\/wp\/v2\/types\/page"}],"author":[{"embeddable":true,"href":"https:\/\/www.sicamemt.org\/aspirantes-conductores-emt\/wp-json\/wp\/v2\/users\/1"}],"replies":[{"embeddable":true,"href":"https:\/\/www.sicamemt.org\/aspirantes-conductores-emt\/wp-json\/wp\/v2\/comments?post=3512"}],"version-history":[{"count":7,"href":"https:\/\/www.sicamemt.org\/aspirantes-conductores-emt\/wp-json\/wp\/v2\/pages\/3512\/revisions"}],"predecessor-version":[{"id":3724,"href":"https:\/\/www.sicamemt.org\/aspirantes-conductores-emt\/wp-json\/wp\/v2\/pages\/3512\/revisions\/3724"}],"wp:attachment":[{"href":"https:\/\/www.sicamemt.org\/aspirantes-conductores-emt\/wp-json\/wp\/v2\/media?parent=3512"}],"curies":[{"name":"wp","href":"https:\/\/api.w.org\/{rel}","templated":true}]}}